{"id":5706,"date":"2021-06-17T13:36:55","date_gmt":"2021-06-17T13:36:55","guid":{"rendered":"https:\/\/wgl-demo.net\/transmax\/?page_id=14"},"modified":"2022-05-10T06:54:29","modified_gmt":"2022-05-10T12:54:29","slug":"servicios","status":"publish","type":"page","link":"http:\/\/www.almacencariari.com\/spa\/","title":{"rendered":"Servicios"},"content":{"rendered":"\t\t<div data-elementor-type=\"wp-page\" data-elementor-id=\"5706\" class=\"elementor elementor-5706\">\n\t\t\t\t\t\t\t\t\t<section class=\"elementor-section elementor-top-section elementor-element elementor-element-a061ffe elementor-section-boxed elementor-section-height-default elementor-section-height-default\" data-id=\"a061ffe\" data-element_type=\"section\">\n\t\t\t\t\t\t<div class=\"elementor-container elementor-column-gap-default\">\n\t\t\t\t\t<div class=\"elementor-column elementor-col-100 elementor-top-column elementor-element elementor-element-f7a4b0b\" data-id=\"f7a4b0b\" data-element_type=\"column\">\n\t\t\t<div class=\"elementor-widget-wrap elementor-element-populated\">\n\t\t\t\t\t\t\t\t<div class=\"elementor-element elementor-element-e07e0b6 elementor-widget elementor-widget-spacer\" data-id=\"e07e0b6\" data-element_type=\"widget\" data-widget_type=\"spacer.default\">\n\t\t\t\t<div class=\"elementor-widget-container\">\n\t\t\t<style>\/*! elementor - v3.13.3 - 28-05-2023 *\/\n.elementor-column .elementor-spacer-inner{height:var(--spacer-size)}.e-con{--container-widget-width:100%}.e-con-inner>.elementor-widget-spacer,.e-con>.elementor-widget-spacer{width:var(--container-widget-width,var(--spacer-size));--align-self:var(--container-widget-align-self,initial);--flex-shrink:0}.e-con-inner>.elementor-widget-spacer>.elementor-widget-container,.e-con-inner>.elementor-widget-spacer>.elementor-widget-container>.elementor-spacer,.e-con>.elementor-widget-spacer>.elementor-widget-container,.e-con>.elementor-widget-spacer>.elementor-widget-container>.elementor-spacer{height:100%}.e-con-inner>.elementor-widget-spacer>.elementor-widget-container>.elementor-spacer>.elementor-spacer-inner,.e-con>.elementor-widget-spacer>.elementor-widget-container>.elementor-spacer>.elementor-spacer-inner{height:var(--container-widget-height,var(--spacer-size))}<\/style>\t\t<div class=\"elementor-spacer\">\n\t\t\t<div class=\"elementor-spacer-inner\"><\/div>\n\t\t<\/div>\n\t\t\t\t<\/div>\n\t\t\t\t<\/div>\n\t\t\t\t<div class=\"elementor-element elementor-element-b5c99f0 elementor-widget elementor-widget-heading\" data-id=\"b5c99f0\" data-element_type=\"widget\" data-widget_type=\"heading.default\">\n\t\t\t\t<div class=\"elementor-widget-container\">\n\t\t\t<style>\/*! elementor - v3.13.3 - 28-05-2023 *\/\n.elementor-heading-title{padding:0;margin:0;line-height:1}.elementor-widget-heading .elementor-heading-title[class*=elementor-size-]>a{color:inherit;font-size:inherit;line-height:inherit}.elementor-widget-heading .elementor-heading-title.elementor-size-small{font-size:15px}.elementor-widget-heading .elementor-heading-title.elementor-size-medium{font-size:19px}.elementor-widget-heading .elementor-heading-title.elementor-size-large{font-size:29px}.elementor-widget-heading .elementor-heading-title.elementor-size-xl{font-size:39px}.elementor-widget-heading .elementor-heading-title.elementor-size-xxl{font-size:59px}<\/style><h3 class=\"elementor-heading-title elementor-size-default\">Servicios<\/h3>\t\t<\/div>\n\t\t\t\t<\/div>\n\t\t\t\t<div class=\"elementor-element elementor-element-0323956 elementor-widget elementor-widget-spacer\" data-id=\"0323956\" data-element_type=\"widget\" data-widget_type=\"spacer.default\">\n\t\t\t\t<div class=\"elementor-widget-container\">\n\t\t\t\t\t<div class=\"elementor-spacer\">\n\t\t\t<div class=\"elementor-spacer-inner\"><\/div>\n\t\t<\/div>\n\t\t\t\t<\/div>\n\t\t\t\t<\/div>\n\t\t\t\t\t<\/div>\n\t\t<\/div>\n\t\t\t\t\t\t\t<\/div>\n\t\t<\/section>\n\t\t\t\t<section class=\"elementor-section elementor-top-section elementor-element elementor-element-e1c945a elementor-section-boxed elementor-section-height-default elementor-section-height-default\" data-id=\"e1c945a\" data-element_type=\"section\">\n\t\t\t\t\t\t<div class=\"elementor-container elementor-column-gap-default\">\n\t\t\t\t\t<div class=\"elementor-column elementor-col-33 elementor-top-column elementor-element elementor-element-51cbe37\" data-id=\"51cbe37\" data-element_type=\"column\">\n\t\t\t<div class=\"elementor-widget-wrap elementor-element-populated\">\n\t\t\t\t\t\t\t\t<div class=\"elementor-element elementor-element-af68a43 aleft elementor-widget-icon-box wgl-icon-box elementor-view-bubble animation_bubble elementor-widget elementor-widget-wgl-info-box\" data-id=\"af68a43\" data-element_type=\"widget\" data-widget_type=\"wgl-info-box.default\">\n\t\t\t\t<div class=\"elementor-widget-container\">\n\t\t\t<div class=\"wgl-infobox\"><div class=\"wgl-infobox_wrapper wgl-layout-top\"><div class=\"media-wrapper icon-wrapper\"><span class=\"wgl-icon\" ><i class=\"icon elementor-icon flaticon flaticon-done\" aria-hidden=\"true\"><\/i><\/span><\/div><div class=\"content_wrapper\"><div class=\"wgl-infobox-title_wrapper\"><h3 class=\"wgl-infobox_title\"><span class=\"wgl-infobox_title-idle\">Almac\u00e9n Fiscal<\/span><\/h3><\/div><div class=\"wgl-infobox_content\"><p>Contamos con 7 bodegas, las cuales se adaptan a las necesidades de los clientes seg\u00fan el tipo de producto, en las cuales est\u00e1n acondicionadas para almacenar carga en racks y a piso. Adem\u00e1s contamos con un sistema de control de inventarios para facilitar la informaci\u00f3n a nuestros clientes.<\/p><\/div><\/div><\/div><\/div>\t\t<\/div>\n\t\t\t\t<\/div>\n\t\t\t\t\t<\/div>\n\t\t<\/div>\n\t\t\t\t<div class=\"elementor-column elementor-col-33 elementor-top-column elementor-element elementor-element-12b13a7\" data-id=\"12b13a7\" data-element_type=\"column\">\n\t\t\t<div class=\"elementor-widget-wrap elementor-element-populated\">\n\t\t\t\t\t\t\t\t<div class=\"elementor-element elementor-element-33de3d3 aleft elementor-widget-icon-box wgl-icon-box elementor-view-bubble animation_bubble elementor-widget elementor-widget-wgl-info-box\" data-id=\"33de3d3\" data-element_type=\"widget\" data-widget_type=\"wgl-info-box.default\">\n\t\t\t\t<div class=\"elementor-widget-container\">\n\t\t\t<div class=\"wgl-infobox\"><div class=\"wgl-infobox_wrapper wgl-layout-top\"><div class=\"media-wrapper icon-wrapper\"><span class=\"wgl-icon\" ><i class=\"icon elementor-icon flaticon flaticon-done\" aria-hidden=\"true\"><\/i><\/span><\/div><div class=\"content_wrapper\"><div class=\"wgl-infobox-title_wrapper\"><h3 class=\"wgl-infobox_title\"><span class=\"wgl-infobox_title-idle\">Almac\u00e9n General<\/span><\/h3><\/div><div class=\"wgl-infobox_content\"><p>Brindamos el servicio de almacenaje para carga nacionalizada y\/o exportaci\u00f3n, en la cual contamos con 722 posiciones de rack y espacio a piso. Adem\u00e1s, se cuenta con las herramientas tecnol\u00f3gicas actuales como el sistema de control de inventario, c\u00e1mara de frio .<\/p><\/div><\/div><\/div><\/div>\t\t<\/div>\n\t\t\t\t<\/div>\n\t\t\t\t\t<\/div>\n\t\t<\/div>\n\t\t\t\t<div class=\"elementor-column elementor-col-33 elementor-top-column elementor-element elementor-element-287e1cf\" data-id=\"287e1cf\" data-element_type=\"column\">\n\t\t\t<div class=\"elementor-widget-wrap elementor-element-populated\">\n\t\t\t\t\t\t\t\t<div class=\"elementor-element elementor-element-868a9d5 aleft elementor-widget-icon-box wgl-icon-box elementor-view-bubble animation_bubble elementor-widget elementor-widget-wgl-info-box\" data-id=\"868a9d5\" data-element_type=\"widget\" data-widget_type=\"wgl-info-box.default\">\n\t\t\t\t<div class=\"elementor-widget-container\">\n\t\t\t<div class=\"wgl-infobox\"><div class=\"wgl-infobox_wrapper wgl-layout-top\"><div class=\"media-wrapper icon-wrapper\"><span class=\"wgl-icon\" ><i class=\"icon elementor-icon flaticon flaticon-done\" aria-hidden=\"true\"><\/i><\/span><\/div><div class=\"content_wrapper\"><div class=\"wgl-infobox-title_wrapper\"><h3 class=\"wgl-infobox_title\"><span class=\"wgl-infobox_title-idle\">\u00c1rea de Patios<\/span><\/h3><\/div><div class=\"wgl-infobox_content\"><p>Amplios patios para la custodia de veh\u00edculos livianos, pesados, maquinaria\u00a0 \u00a0y equipos especiales.<\/p><p>Contamos con un total de 20.000 M2 de almacenamiento al aire libre y 5.000 M2 de almacenamiento bajo techo.\u00a0 \u00a0 \u00a0 \u00a0 \u00a0 \u00a0 \u00a0 \u00a0 \u00a0 \u00a0 \u00a0 \u00a0 \u00a0 \u00a0 \u00a0 \u00a0 \u00a0 \u00a0 \u00a0\u00a0<\/p><\/div><\/div><\/div><\/div>\t\t<\/div>\n\t\t\t\t<\/div>\n\t\t\t\t\t<\/div>\n\t\t<\/div>\n\t\t\t\t\t\t\t<\/div>\n\t\t<\/section>\n\t\t\t\t<section class=\"elementor-section elementor-top-section elementor-element elementor-element-3005f48 elementor-section-boxed elementor-section-height-default elementor-section-height-default\" data-id=\"3005f48\" data-element_type=\"section\">\n\t\t\t\t\t\t<div class=\"elementor-container elementor-column-gap-default\">\n\t\t\t\t\t<div class=\"elementor-column elementor-col-33 elementor-top-column elementor-element elementor-element-c631992\" data-id=\"c631992\" data-element_type=\"column\">\n\t\t\t<div class=\"elementor-widget-wrap elementor-element-populated\">\n\t\t\t\t\t\t\t\t<div class=\"elementor-element elementor-element-ce96a46 aleft elementor-widget-icon-box wgl-icon-box elementor-view-bubble elementor-widget elementor-widget-wgl-info-box\" data-id=\"ce96a46\" data-element_type=\"widget\" data-widget_type=\"wgl-info-box.default\">\n\t\t\t\t<div class=\"elementor-widget-container\">\n\t\t\t<div class=\"wgl-infobox\"><div class=\"wgl-infobox_wrapper wgl-layout-top\"><div class=\"media-wrapper icon-wrapper\"><span class=\"wgl-icon\" ><i class=\"icon elementor-icon flaticon flaticon-done\" aria-hidden=\"true\"><\/i><\/span><\/div><div class=\"content_wrapper\"><div class=\"wgl-infobox-title_wrapper\"><h3 class=\"wgl-infobox_title\"><span class=\"wgl-infobox_title-idle\">C\u00e1mara de Fr\u00edo<\/span><\/h3><\/div><div class=\"wgl-infobox_content\"><p>Ofrecemos el servicio para aquellas mercanc\u00edas que requieran garantizar adecuada cadena de frio. Contamos con alta experiencia en el manejo de este tipo de cargas.<\/p><\/div><\/div><\/div><\/div>\t\t<\/div>\n\t\t\t\t<\/div>\n\t\t\t\t\t<\/div>\n\t\t<\/div>\n\t\t\t\t<div class=\"elementor-column elementor-col-33 elementor-top-column elementor-element elementor-element-a7ba785\" data-id=\"a7ba785\" data-element_type=\"column\">\n\t\t\t<div class=\"elementor-widget-wrap elementor-element-populated\">\n\t\t\t\t\t\t\t\t<div class=\"elementor-element elementor-element-0877af7 aleft elementor-widget-icon-box wgl-icon-box elementor-view-bubble elementor-widget elementor-widget-wgl-info-box\" data-id=\"0877af7\" data-element_type=\"widget\" data-widget_type=\"wgl-info-box.default\">\n\t\t\t\t<div class=\"elementor-widget-container\">\n\t\t\t<div class=\"wgl-infobox\"><div class=\"wgl-infobox_wrapper wgl-layout-top\"><div class=\"media-wrapper icon-wrapper\"><span class=\"wgl-icon\" ><i class=\"icon elementor-icon flaticon flaticon-done\" aria-hidden=\"true\"><\/i><\/span><\/div><div class=\"content_wrapper\"><div class=\"wgl-infobox-title_wrapper\"><h3 class=\"wgl-infobox_title\"><span class=\"wgl-infobox_title-idle\">Agencia de Aduanas<\/span><\/h3><\/div><div class=\"wgl-infobox_content\"><p>Brindamos el servicio y asesor\u00eda para el pago de impuestos aduanales y\/o presentaci\u00f3n de permisos en Procomer para la importaci\u00f3n de sus mercanc\u00edas.\u00a0 \u00a0 \u00a0\u00a0<\/p><\/div><\/div><\/div><\/div>\t\t<\/div>\n\t\t\t\t<\/div>\n\t\t\t\t\t<\/div>\n\t\t<\/div>\n\t\t\t\t<div class=\"elementor-column elementor-col-33 elementor-top-column elementor-element elementor-element-494b0d7\" data-id=\"494b0d7\" data-element_type=\"column\">\n\t\t\t<div class=\"elementor-widget-wrap elementor-element-populated\">\n\t\t\t\t\t\t\t\t<div class=\"elementor-element elementor-element-b626804 aleft elementor-widget-icon-box wgl-icon-box elementor-view-bubble elementor-widget elementor-widget-wgl-info-box\" data-id=\"b626804\" data-element_type=\"widget\" data-widget_type=\"wgl-info-box.default\">\n\t\t\t\t<div class=\"elementor-widget-container\">\n\t\t\t<div class=\"wgl-infobox\"><div class=\"wgl-infobox_wrapper wgl-layout-top\"><div class=\"media-wrapper icon-wrapper\"><span class=\"wgl-icon\" ><i class=\"icon elementor-icon flaticon flaticon-done\" aria-hidden=\"true\"><\/i><\/span><\/div><div class=\"content_wrapper\"><div class=\"wgl-infobox-title_wrapper\"><h3 class=\"wgl-infobox_title\"><span class=\"wgl-infobox_title-idle\">Transporte Local<\/span><\/h3><\/div><div class=\"wgl-infobox_content\"><p>Brindamos el servicio de transporte a cualquier parte del pa\u00eds, tanto para carga seca, refrigerada y\/o congelada.\u00a0Contamos con Thermoking, GPS y servicio de mensajer\u00eda.<\/p><\/div><\/div><\/div><\/div>\t\t<\/div>\n\t\t\t\t<\/div>\n\t\t\t\t\t<\/div>\n\t\t<\/div>\n\t\t\t\t\t\t\t<\/div>\n\t\t<\/section>\n\t\t\t\t<section class=\"elementor-section elementor-top-section elementor-element elementor-element-58b5720 elementor-section-boxed elementor-section-height-default elementor-section-height-default\" data-id=\"58b5720\" data-element_type=\"section\">\n\t\t\t\t\t\t<div class=\"elementor-container elementor-column-gap-default\">\n\t\t\t\t\t<div class=\"elementor-column elementor-col-33 elementor-top-column elementor-element elementor-element-119f80c\" data-id=\"119f80c\" data-element_type=\"column\">\n\t\t\t<div class=\"elementor-widget-wrap elementor-element-populated\">\n\t\t\t\t\t\t\t\t<div class=\"elementor-element elementor-element-9f09c7a aleft elementor-widget-icon-box wgl-icon-box elementor-view-bubble elementor-widget elementor-widget-wgl-info-box\" data-id=\"9f09c7a\" data-element_type=\"widget\" data-widget_type=\"wgl-info-box.default\">\n\t\t\t\t<div class=\"elementor-widget-container\">\n\t\t\t<div class=\"wgl-infobox\"><div class=\"wgl-infobox_wrapper wgl-layout-top\"><div class=\"media-wrapper icon-wrapper\"><span class=\"wgl-icon\" ><i class=\"icon elementor-icon flaticon flaticon-done\" aria-hidden=\"true\"><\/i><\/span><\/div><div class=\"content_wrapper\"><div class=\"wgl-infobox-title_wrapper\"><h3 class=\"wgl-infobox_title\"><span class=\"wgl-infobox_title-idle\">Transporte Internacional<\/span><\/h3><\/div><div class=\"wgl-infobox_content\"><p>Realizamos traslados de mercader\u00eda de carga completa (FCL) con salida todos los d\u00edas y carga consolidada (LCL) con dos salidas semanales. Trasladamos carga tanto terrestre como mar\u00edtima.<\/p><\/div><\/div><\/div><\/div>\t\t<\/div>\n\t\t\t\t<\/div>\n\t\t\t\t\t<\/div>\n\t\t<\/div>\n\t\t\t\t<div class=\"elementor-column elementor-col-33 elementor-top-column elementor-element elementor-element-fac4a0e\" data-id=\"fac4a0e\" data-element_type=\"column\">\n\t\t\t<div class=\"elementor-widget-wrap elementor-element-populated\">\n\t\t\t\t\t\t\t\t<div class=\"elementor-element elementor-element-b31d97a aleft elementor-widget-icon-box wgl-icon-box elementor-view-bubble elementor-widget elementor-widget-wgl-info-box\" data-id=\"b31d97a\" data-element_type=\"widget\" data-widget_type=\"wgl-info-box.default\">\n\t\t\t\t<div class=\"elementor-widget-container\">\n\t\t\t<div class=\"wgl-infobox\"><div class=\"wgl-infobox_wrapper wgl-layout-top\"><div class=\"media-wrapper icon-wrapper\"><span class=\"wgl-icon\" ><i class=\"icon elementor-icon flaticon flaticon-done\" aria-hidden=\"true\"><\/i><\/span><\/div><div class=\"content_wrapper\"><div class=\"wgl-infobox-title_wrapper\"><h3 class=\"wgl-infobox_title\"><span class=\"wgl-infobox_title-idle\">Recuperaciones A\u00e9reas<\/span><\/h3><\/div><div class=\"wgl-infobox_content\"><p>Recuperamos sus cargas desde cualquier terminal hasta el almac\u00e9n ofreciendo una tarifa competitiva. Manejamos todo tipo de mercader\u00eda, tecnolog\u00eda, alimentos, medicina, otros<\/p><\/div><\/div><\/div><\/div>\t\t<\/div>\n\t\t\t\t<\/div>\n\t\t\t\t\t<\/div>\n\t\t<\/div>\n\t\t\t\t<div class=\"elementor-column elementor-col-33 elementor-top-column elementor-element elementor-element-368762f\" data-id=\"368762f\" data-element_type=\"column\">\n\t\t\t<div class=\"elementor-widget-wrap elementor-element-populated\">\n\t\t\t\t\t\t\t\t<div class=\"elementor-element elementor-element-ba3bcc7 aleft elementor-widget-icon-box wgl-icon-box elementor-view-bubble elementor-widget elementor-widget-wgl-info-box\" data-id=\"ba3bcc7\" data-element_type=\"widget\" data-widget_type=\"wgl-info-box.default\">\n\t\t\t\t<div class=\"elementor-widget-container\">\n\t\t\t<div class=\"wgl-infobox\"><div class=\"wgl-infobox_wrapper wgl-layout-top\"><div class=\"media-wrapper icon-wrapper\"><span class=\"wgl-icon\" ><i class=\"icon elementor-icon flaticon flaticon-done\" aria-hidden=\"true\"><\/i><\/span><\/div><div class=\"content_wrapper\"><div class=\"wgl-infobox-title_wrapper\"><h3 class=\"wgl-infobox_title\"><span class=\"wgl-infobox_title-idle\">Reempaque y Distribuci\u00f3n<\/span><\/h3><\/div><div class=\"wgl-infobox_content\"><p>Contamos con un \u00e1rea de Reempaque y Distribuci\u00f3n,\u00a0 \u00a0 \u00a0debidamente autorizada por la Direcci\u00f3n General de Aduanas \u00a0y personal con amplia experiencia en el manejo de estos procesos.<\/p><\/div><\/div><\/div><\/div>\t\t<\/div>\n\t\t\t\t<\/div>\n\t\t\t\t\t<\/div>\n\t\t<\/div>\n\t\t\t\t\t\t\t<\/div>\n\t\t<\/section>\n\t\t\t\t<section class=\"elementor-section elementor-top-section elementor-element elementor-element-b1cb87b elementor-section-boxed elementor-section-height-default elementor-section-height-default\" data-id=\"b1cb87b\" data-element_type=\"section\">\n\t\t\t\t\t\t<div class=\"elementor-container elementor-column-gap-default\">\n\t\t\t\t\t<div class=\"elementor-column elementor-col-33 elementor-top-column elementor-element elementor-element-4193d7d\" data-id=\"4193d7d\" data-element_type=\"column\">\n\t\t\t<div class=\"elementor-widget-wrap elementor-element-populated\">\n\t\t\t\t\t\t\t\t<div class=\"elementor-element elementor-element-d979289 aleft elementor-widget-image-box wgl-image-box elementor-widget elementor-widget-wgl-info-box\" data-id=\"d979289\" data-element_type=\"widget\" data-widget_type=\"wgl-info-box.default\">\n\t\t\t\t<div class=\"elementor-widget-container\">\n\t\t\t<div class=\"wgl-infobox\"><div class=\"wgl-infobox_wrapper wgl-layout-top\"><div class=\"media-wrapper img-wrapper\"><figure class=\"wgl-image-box_img\"><span ><img loading=\"lazy\" decoding=\"async\" width=\"680\" height=\"860\" src=\"http:\/\/www.almacencariari.com\/spa\/wp-content\/uploads\/2021\/06\/service_1.jpg\" class=\"attachment-full size-full wp-image-1408\" alt=\"\" srcset=\"http:\/\/www.almacencariari.com\/spa\/wp-content\/uploads\/2021\/06\/service_1.jpg 680w, http:\/\/www.almacencariari.com\/spa\/wp-content\/uploads\/2021\/06\/service_1-237x300.jpg 237w\" sizes=\"auto, (max-width: 680px) 100vw, 680px\" \/><\/span><\/figure><\/div><div class=\"content_wrapper\"><div class=\"wgl-infobox-title_wrapper\"><h3 class=\"wgl-infobox_title\"><span class=\"wgl-infobox_title-idle\">Terrestre<\/span><\/h3><\/div><\/div><\/div><\/div>\t\t<\/div>\n\t\t\t\t<\/div>\n\t\t\t\t\t<\/div>\n\t\t<\/div>\n\t\t\t\t<div class=\"elementor-column elementor-col-33 elementor-top-column elementor-element elementor-element-39adc7a\" data-id=\"39adc7a\" data-element_type=\"column\">\n\t\t\t<div class=\"elementor-widget-wrap elementor-element-populated\">\n\t\t\t\t\t\t\t\t<div class=\"elementor-element elementor-element-9a1770d aleft elementor-widget-image-box wgl-image-box elementor-widget elementor-widget-wgl-info-box\" data-id=\"9a1770d\" data-element_type=\"widget\" data-widget_type=\"wgl-info-box.default\">\n\t\t\t\t<div class=\"elementor-widget-container\">\n\t\t\t<div class=\"wgl-infobox\"><div class=\"wgl-infobox_wrapper wgl-layout-top\"><div class=\"media-wrapper img-wrapper\"><figure class=\"wgl-image-box_img\"><span ><img loading=\"lazy\" decoding=\"async\" width=\"680\" height=\"860\" src=\"http:\/\/www.almacencariari.com\/spa\/wp-content\/uploads\/2021\/06\/service_2.jpg\" class=\"attachment-full size-full wp-image-1409\" alt=\"\" srcset=\"http:\/\/www.almacencariari.com\/spa\/wp-content\/uploads\/2021\/06\/service_2.jpg 680w, http:\/\/www.almacencariari.com\/spa\/wp-content\/uploads\/2021\/06\/service_2-237x300.jpg 237w\" sizes=\"auto, (max-width: 680px) 100vw, 680px\" \/><\/span><\/figure><\/div><div class=\"content_wrapper\"><div class=\"wgl-infobox-title_wrapper\"><h3 class=\"wgl-infobox_title\"><span class=\"wgl-infobox_title-idle\">Mar\u00edtimo<\/span><\/h3><\/div><\/div><\/div><\/div>\t\t<\/div>\n\t\t\t\t<\/div>\n\t\t\t\t\t<\/div>\n\t\t<\/div>\n\t\t\t\t<div class=\"elementor-column elementor-col-33 elementor-top-column elementor-element elementor-element-a95bcab\" data-id=\"a95bcab\" data-element_type=\"column\">\n\t\t\t<div class=\"elementor-widget-wrap elementor-element-populated\">\n\t\t\t\t\t\t\t\t<div class=\"elementor-element elementor-element-0294e84 aleft elementor-widget-image-box wgl-image-box elementor-widget elementor-widget-wgl-info-box\" data-id=\"0294e84\" data-element_type=\"widget\" data-widget_type=\"wgl-info-box.default\">\n\t\t\t\t<div class=\"elementor-widget-container\">\n\t\t\t<div class=\"wgl-infobox\"><div class=\"wgl-infobox_wrapper wgl-layout-top\"><div class=\"media-wrapper img-wrapper\"><figure class=\"wgl-image-box_img\"><span ><img loading=\"lazy\" decoding=\"async\" width=\"680\" height=\"860\" src=\"http:\/\/www.almacencariari.com\/spa\/wp-content\/uploads\/2021\/06\/service_3.jpg\" class=\"attachment-full size-full wp-image-1410\" alt=\"\" srcset=\"http:\/\/www.almacencariari.com\/spa\/wp-content\/uploads\/2021\/06\/service_3.jpg 680w, http:\/\/www.almacencariari.com\/spa\/wp-content\/uploads\/2021\/06\/service_3-237x300.jpg 237w\" sizes=\"auto, (max-width: 680px) 100vw, 680px\" \/><\/span><\/figure><\/div><div class=\"content_wrapper\"><div class=\"wgl-infobox-title_wrapper\"><h3 class=\"wgl-infobox_title\"><span class=\"wgl-infobox_title-idle\">A\u00e9reo<\/span><\/h3><\/div><\/div><\/div><\/div>\t\t<\/div>\n\t\t\t\t<\/div>\n\t\t\t\t\t<\/div>\n\t\t<\/div>\n\t\t\t\t\t\t\t<\/div>\n\t\t<\/section>\n\t\t\t\t<section class=\"elementor-section elementor-top-section elementor-element elementor-element-c9cd399 elementor-section-boxed elementor-section-height-default elementor-section-height-default\" data-id=\"c9cd399\" data-element_type=\"section\">\n\t\t\t\t\t\t<div class=\"elementor-container elementor-column-gap-default\">\n\t\t\t\t\t<div class=\"elementor-column elementor-col-100 elementor-top-column elementor-element elementor-element-2fa1b2e\" data-id=\"2fa1b2e\" data-element_type=\"column\">\n\t\t\t<div class=\"elementor-widget-wrap elementor-element-populated\">\n\t\t\t\t\t\t\t\t<div class=\"elementor-element elementor-element-e18a02d elementor-widget elementor-widget-spacer\" data-id=\"e18a02d\" data-element_type=\"widget\" data-widget_type=\"spacer.default\">\n\t\t\t\t<div class=\"elementor-widget-container\">\n\t\t\t\t\t<div class=\"elementor-spacer\">\n\t\t\t<div class=\"elementor-spacer-inner\"><\/div>\n\t\t<\/div>\n\t\t\t\t<\/div>\n\t\t\t\t<\/div>\n\t\t\t\t\t<\/div>\n\t\t<\/div>\n\t\t\t\t\t\t\t<\/div>\n\t\t<\/section>\n\t\t\t\t\t\t\t<\/div>\n\t\t","protected":false},"excerpt":{"rendered":"<p>Servicios Almac\u00e9n Fiscal Contamos con 7 bodegas, las cuales se adaptan a las necesidades de los clientes seg\u00fan el tipo de producto, en las cuales est\u00e1n acondicionadas para almacenar carga en racks y a piso. Adem\u00e1s contamos con un sistema de control de inventarios para facilitar la informaci\u00f3n a nuestros clientes. Almac\u00e9n General Brindamos el [&hellip;]<\/p>\n","protected":false},"author":1,"featured_media":0,"parent":0,"menu_order":0,"comment_status":"closed","ping_status":"closed","template":"","meta":{"footnotes":""},"class_list":["post-5706","page","type-page","status-publish","hentry"],"_links":{"self":[{"href":"http:\/\/www.almacencariari.com\/spa\/wp-json\/wp\/v2\/pages\/5706","targetHints":{"allow":["GET"]}}],"collection":[{"href":"http:\/\/www.almacencariari.com\/spa\/wp-json\/wp\/v2\/pages"}],"about":[{"href":"http:\/\/www.almacencariari.com\/spa\/wp-json\/wp\/v2\/types\/page"}],"author":[{"embeddable":true,"href":"http:\/\/www.almacencariari.com\/spa\/wp-json\/wp\/v2\/users\/1"}],"replies":[{"embeddable":true,"href":"http:\/\/www.almacencariari.com\/spa\/wp-json\/wp\/v2\/comments?post=5706"}],"version-history":[{"count":25,"href":"http:\/\/www.almacencariari.com\/spa\/wp-json\/wp\/v2\/pages\/5706\/revisions"}],"predecessor-version":[{"id":6436,"href":"http:\/\/www.almacencariari.com\/spa\/wp-json\/wp\/v2\/pages\/5706\/revisions\/6436"}],"wp:attachment":[{"href":"http:\/\/www.almacencariari.com\/spa\/wp-json\/wp\/v2\/media?parent=5706"}],"curies":[{"name":"wp","href":"https:\/\/api.w.org\/{rel}","templated":true}]}}